{"id":2634,"date":"2012-11-03T08:34:52","date_gmt":"2012-11-03T08:34:52","guid":{"rendered":"http:\/\/www.cuuclub.ee\/?page_id=2634"},"modified":"2026-03-12T14:59:09","modified_gmt":"2026-03-12T11:59:09","slug":"muuk","status":"publish","type":"page","link":"https:\/\/www.cuuclub.ee\/","title":{"rendered":"Cuuclub \u2013 Sinu partner tehnilises produktsioonis juba 20 aastat!"},"content":{"rendered":"<p>Cuuclub on usaldusv\u00e4\u00e4rne ja loov partner \u00fcrituste ning telesaadete tehnilises produktsioonis. Meie meeskonnal on aastatepikkune kogemus professionaalse heli-, valgus- ja videolahenduste pakkumisel erineva suurusega s\u00fcndmustele \u2013 kontsertidest konverentsideni, telesaadetest era\u00fcritusteni.<br><br>Toome Eestisse ja m\u00fc\u00fcme professionaalset heli-, valgus- ja videotehnikat. Pakume paigaldust, kasutajakoolitust ja tehnilist tuge. Meie poolt maaletoodavate br\u00e4ndidega saad tutvuda lehel <strong>\u201eBr\u00e4ndid\u201c<\/strong>.<\/p>","protected":false},"excerpt":{"rendered":"<p>Cuuclub on usaldusv\u00e4\u00e4rne ja loov partner \u00fcrituste ning telesaadete tehnilises produktsioonis. Meie meeskonnal on aastatepikkune kogemus professionaalse heli-, valgus- ja videolahenduste pakkumisel erineva suurusega s\u00fcndmustele \u2013 kontsertidest konverentsideni, telesaadetest era\u00fcritusteni. Toome Eestisse ja m\u00fc\u00fcme professionaalset heli-, valgus- ja videotehnikat. Pakume paigaldust, kasutajakoolitust ja tehnilist tuge. Meie poolt maaletoodavate br\u00e4ndidega saad tutvuda lehel \u201eBr\u00e4ndid\u201c.<\/p>\n","protected":false},"author":1,"featured_media":0,"parent":0,"menu_order":0,"comment_status":"closed","ping_status":"open","template":"","meta":{"footnotes":""},"jetpack_sharing_enabled":true,"_links":{"self":[{"href":"https:\/\/www.cuuclub.ee\/index.php?rest_route=\/wp\/v2\/pages\/2634"}],"collection":[{"href":"https:\/\/www.cuuclub.ee\/index.php?rest_route=\/wp\/v2\/pages"}],"about":[{"href":"https:\/\/www.cuuclub.ee\/index.php?rest_route=\/wp\/v2\/types\/page"}],"author":[{"embeddable":true,"href":"https:\/\/www.cuuclub.ee\/index.php?rest_route=\/wp\/v2\/users\/1"}],"replies":[{"embeddable":true,"href":"https:\/\/www.cuuclub.ee\/index.php?rest_route=%2Fwp%2Fv2%2Fcomments&post=2634"}],"version-history":[{"count":24,"href":"https:\/\/www.cuuclub.ee\/index.php?rest_route=\/wp\/v2\/pages\/2634\/revisions"}],"predecessor-version":[{"id":5343,"href":"https:\/\/www.cuuclub.ee\/index.php?rest_route=\/wp\/v2\/pages\/2634\/revisions\/5343"}],"wp:attachment":[{"href":"https:\/\/www.cuuclub.ee\/index.php?rest_route=%2Fwp%2Fv2%2Fmedia&parent=2634"}],"curies":[{"name":"wp","href":"https:\/\/api.w.org\/{rel}","templated":true}]}}